{"id":702,"date":"2023-09-24T21:36:24","date_gmt":"2023-09-24T19:36:24","guid":{"rendered":"https:\/\/www.flechedor.lu\/a-propos-du-club\/pas-de-tir-interieur-bonnevoie\/horaires-d-ouverture-de-bonnevoie\/"},"modified":"2024-03-08T08:02:10","modified_gmt":"2024-03-08T07:02:10","slug":"horaires-d-ouverture-de-bonnevoie","status":"publish","type":"page","link":"https:\/\/www.flechedor.lu\/fr\/a-propos-du-club\/pas-de-tir-interieur-bonnevoie\/horaires-d-ouverture-de-bonnevoie\/","title":{"rendered":"Horaires d&rsquo;ouverture de Bonnevoie"},"content":{"rendered":"\n<h2 class=\"wp-block-heading\">Horaires habituels<\/h2>\n\n<p>Pendant les horaires habituels, les membres peuvent venir s&rsquo;entra\u00eener \u00e0 tout moment, tant que les conditions suivantes sont respect\u00e9es:<\/p>\n\n<ul class=\"wp-block-list\">\n<li>le comit\u00e9 les a autoris\u00e9s \u00e0 venir s&rsquo;entra\u00eener sans assistance<\/li>\n\n\n\n<li>deux personnes sont pr\u00e9sentes dans le hall de tir \u00e0 tout moment<\/li>\n<\/ul>\n\n<p>Les heures d&rsquo;ouvertures <strong>en dehors des vacances scolaires<\/strong> pour <strong>2023-2024<\/strong> sont les suivantes:<\/p>\n\n<figure class=\"wp-block-table is-style-stripes\"><table><tbody><tr><td><strong>Lundi<\/strong><\/td><td>9:00-21:00 <strong>*<\/strong><\/td><\/tr><tr><td><strong>Mardi<\/strong><\/td><td>9:00-21:00<\/td><\/tr><tr><td><strong>Mercredi<\/strong><\/td><td>9:00-21:00  <\/td><\/tr><tr><td><strong>Jeudi<\/strong><\/td><td>9:00-21:00 <strong>*<\/strong><\/td><\/tr><tr><td><strong>Vendredi<\/strong><\/td><td>9:00-21:00<\/td><\/tr><\/tbody><\/table><figcaption class=\"wp-element-caption\">Horaires habituels 2023-2024<\/figcaption><\/figure>\n\n<p><em><strong>*<\/strong> L&rsquo;acc\u00e8s au hall de tir est restreint<\/em>.<\/p>\n\n<p>Veuillez noter que certaines journ\u00e9es ont des horaires restreints<\/p>\n\n<figure class=\"wp-block-table is-style-stripes\"><table><tbody><tr><td><strong>Lundi<\/strong><\/td><td>18:30-20:00<\/td><td>Stages trimestriels, le hall est ouvert \u00e0 tous, <strong>pour travailler sur le mat\u00e9riel<\/strong> par exemple, mais pendant les cours <strong>les cibles sont interdites d&rsquo;acc\u00e8s<\/strong>.<\/td><\/tr><tr><td><strong>Mercredi<\/strong><\/td><td>18:00-19:30<\/td><td>Entra\u00eenement officiel, tout le monde peut venir s&rsquo;entra\u00eener, m\u00eame quand les entra\u00eeneurs ne sont pas disponibles, quelqu&rsquo;un sera l\u00e0 pour ouvrir la salle.<\/td><\/tr><tr><td><strong>Jeudi<\/strong><\/td><td>19:00-20:00<\/td><td><em><a href=\"https:\/\/www.flechedor.lu\/fr\/nos-activites\/sport-pour-tous\/\" data-type=\"page\" data-id=\"634\">Sport pour Tous<\/a><\/em>, le hall est ouvert \u00e0 tous, <strong>pour travailler sur le mat\u00e9riel<\/strong> par exemple, mais pendant les cours <strong>les cibles sont interdites d&rsquo;acc\u00e8s<\/strong>.<\/td><\/tr><\/tbody><\/table><figcaption class=\"wp-element-caption\">Hoiraires r\u00e9serv\u00e9s 2023-2024<\/figcaption><\/figure>\n\n<h2 class=\"wp-block-heading\">Horaires additionnels<\/h2>\n\n<p>Le hall est normalement ferm\u00e9 les week-ends et vacances scolaires, mais nous faisons de notre mieux pour demander l&rsquo;ouverture de la salle pendant des jours suppl\u00e9mentaires. Puisque les horaires d\u00e9pendent de l&rsquo;utilisation du reste de la salle, certaines heures peuvent sembler un peu bizarre.<\/p>\n\n<h3 class=\"wp-block-heading\">Septembre<\/h3>\n\n<figure class=\"wp-block-table aligncenter is-style-stripes\"><table><tbody><tr><td>Samedi<\/td><td>30 Septembre 2023<\/td><td>15:00<\/td><td>20:00<\/td><\/tr><\/tbody><\/table><figcaption class=\"wp-element-caption\">Horaires additionnels septembre 2023<\/figcaption><\/figure>\n\n<h3 class=\"wp-block-heading\">Octobre<\/h3>\n\n<figure class=\"wp-block-table aligncenter is-style-stripes\"><table><tbody><tr><td>Samedi<\/td><td>7 Octobre 2023<\/td><td>13:00<\/td><td>18:00<\/td><\/tr><tr><td>Dimanche<\/td><td>8 Octobre 2023<\/td><td>16:00<\/td><td>21:00<\/td><\/tr><tr><td>Samedi<\/td><td>14 Octobre 2023<\/td><td>14:00<\/td><td>20:00<\/td><\/tr><tr><td>Samedi<\/td><td>21 Octobre 2023<\/td><td>14:00<\/td><td>20:00<\/td><\/tr><tr><td>Lundi<\/td><td>30 octobre 2023<\/td><td>10:00<\/td><td>21:00<\/td><\/tr><tr><td>Mardi<\/td><td>31 octobre 2023<\/td><td>10:00<\/td><td>21:00<\/td><\/tr><\/tbody><\/table><figcaption class=\"wp-element-caption\">Horaires additionnels octobre 2023<\/figcaption><\/figure>\n\n<h3 class=\"wp-block-heading\">Novembre<\/h3>\n\n<figure class=\"wp-block-table aligncenter is-style-stripes\"><table><tbody><tr><td>Jeudi<\/td><td>2 novembre 2023<\/td><td>10:00<\/td><td>21:00<\/td><\/tr><tr><td>Vendredi<\/td><td>3 novembre 2023<\/td><td>10:00<\/td><td>21:00<\/td><\/tr><tr><td>Samedi<\/td><td>11 novembre 2023<\/td><td>14:00<\/td><td>20:00<\/td><\/tr><tr><td>Dimanche<\/td><td>12 novembre 2023<\/td><td>14:00<\/td><td>20:00<\/td><\/tr><tr><td>Samedi<\/td><td>18 novembre 2023<\/td><td>15:00<\/td><td>20:00<\/td><\/tr><tr><td>Dimanche<\/td><td>26 novembre 2023<\/td><td>15:00<\/td><td>20:00<\/td><\/tr><\/tbody><\/table><figcaption class=\"wp-element-caption\">Horaires additionnels novembre 2023<\/figcaption><\/figure>\n\n<h3 class=\"wp-block-heading\">D\u00e9cembre<\/h3>\n\n<figure class=\"wp-block-table aligncenter is-style-stripes\"><table><tbody><tr><td>Samedi<\/td><td>2 d\u00e9cembre 2023<\/td><td>14:00<\/td><td>20:00<\/td><\/tr><tr><td>Dimanche<\/td><td>3 d\u00e9cembre 2023<\/td><td>15:00<\/td><td>18:00<\/td><\/tr><tr><td>Samedi<\/td><td>9 d\u00e9cembre 2023<\/td><td>14:00<\/td><td>20:00<\/td><\/tr><tr><td>Dimanche<\/td><td>10 d\u00e9cembre 2023<\/td><td>10:00<\/td><td>18:00<\/td><\/tr><tr><td>Samedi<\/td><td>16 d\u00e9cembre 2023<\/td><td>17:00<\/td><td>21:00<\/td><\/tr><tr><td>Dimanche<\/td><td>17 d\u00e9cembre 2023<\/td><td>16:00<\/td><td>21:00<\/td><\/tr><\/tbody><\/table><figcaption class=\"wp-element-caption\">Horaires additionnels d\u00e9cembre 2023<\/figcaption><\/figure>\n\n<h3 class=\"wp-block-heading\">Janvier (2024)<\/h3>\n\n<figure class=\"wp-block-table aligncenter is-style-stripes\"><table><tbody><tr><td>Samedi<\/td><td>13 janvier 2024<\/td><td>15:00<\/td><td>20:00<\/td><\/tr><tr><td>Samedi<\/td><td>20 janvier 2024<\/td><td>15:00<\/td><td>20:00<\/td><\/tr><tr><td>Samedi<\/td><td>27 janvier 2024<\/td><td>13:00<\/td><td>20:00<\/td><\/tr><tr><td>Dimanche<\/td><td>28 janvier 2024<\/td><td>13:00<\/td><td>20:00<\/td><\/tr><\/tbody><\/table><figcaption class=\"wp-element-caption\">Horaires additionnels janvier 2024<\/figcaption><\/figure>\n\n<h3 class=\"wp-block-heading\">F\u00e9vrier (2024)<\/h3>\n\n<figure class=\"wp-block-table aligncenter is-style-stripes\"><table><tbody><tr><td>Samedi<\/td><td>3 f\u00e9vrier 2024<\/td><td>14:00<\/td><td>19:00<\/td><\/tr><tr><td>Lundi<\/td><td>12 f\u00e9vrier 2024<\/td><td>09:00<\/td><td>21:00<\/td><\/tr><tr><td>Mardi<\/td><td>13 f\u00e9vrier 2024<\/td><td>09:00<\/td><td>21:00<\/td><\/tr><tr><td>Mercredi<\/td><td>14 f\u00e9vrier 2024<\/td><td>09:00<\/td><td>21:00<\/td><\/tr><tr><td>Jeudi<\/td><td>15 f\u00e9vrier 2024<\/td><td>09:00<\/td><td>21:00<\/td><\/tr><tr><td>Vendredi<\/td><td>16 f\u00e9vrier 2024<\/td><td>09:00<\/td><td>21:00<\/td><\/tr><\/tbody><\/table><figcaption class=\"wp-element-caption\">Horaires additionnels f\u00e9vrier 2024<\/figcaption><\/figure>\n\n<h3 class=\"wp-block-heading\">Mars (2024)<\/h3>\n\n<figure class=\"wp-block-table aligncenter is-style-stripes\"><table><tbody><tr><td>Samedi<\/td><td>9 mars 2024<\/td><td>14:00<\/td><td>20:00<\/td><\/tr><tr><td>Dimanche<\/td><td>10 mars 2024<\/td><td>14:00<\/td><td>20:00<\/td><\/tr><tr><td>Samedi<\/td><td>16 mars 2024<\/td><td>14:00<\/td><td>20:00<\/td><\/tr><\/tbody><\/table><figcaption class=\"wp-element-caption\">Horaires additionnels mars 2024<\/figcaption><\/figure>\n\n<h3 class=\"wp-block-heading\">Avril (2024)<\/h3>\n\n<figure class=\"wp-block-table aligncenter is-style-stripes\"><table><tbody><tr><td>Samedi<\/td><td>20 avril 2024<\/td><td>14:00<\/td><td>20:00<\/td><\/tr><tr><td>Dimanche<\/td><td>28 avril 2024<\/td><td>14:00<\/td><td>20:00<\/td><\/tr><\/tbody><\/table><figcaption class=\"wp-element-caption\">Horaires additionnels avril 2024<\/figcaption><\/figure>\n\n<p><\/p>\n","protected":false},"excerpt":{"rendered":"<p>Horaires habituels Pendant les horaires habituels, les membres peuvent venir s&rsquo;entra\u00eener \u00e0 tout moment, tant que les conditions suivantes sont respect\u00e9es: Les heures d&rsquo;ouvertures en dehors des vacances scolaires pour 2023-2024 sont<\/p>\n<a class=\"moretag noptoppad\" href=\"https:\/\/www.flechedor.lu\/fr\/a-propos-du-club\/pas-de-tir-interieur-bonnevoie\/horaires-d-ouverture-de-bonnevoie\/\">Read More...<\/a>","protected":false},"author":2,"featured_media":0,"parent":455,"menu_order":0,"comment_status":"closed","ping_status":"closed","template":"","meta":{"slim_seo":{"title":"Horaires d'ouverture de Bonnevoie - Fl\u00e8che d&#039;Or Luxembourg","description":"Horaires habituels Pendant les horaires habituels, les membres peuvent venir s'entra\u00eener \u00e0 tout moment, tant que les conditions suivantes sont respect\u00e9es: Les h"},"footnotes":""},"class_list":["post-702","page","type-page","status-publish","hentry"],"_links":{"self":[{"href":"https:\/\/www.flechedor.lu\/fr\/wp-json\/wp\/v2\/pages\/702","targetHints":{"allow":["GET"]}}],"collection":[{"href":"https:\/\/www.flechedor.lu\/fr\/wp-json\/wp\/v2\/pages"}],"about":[{"href":"https:\/\/www.flechedor.lu\/fr\/wp-json\/wp\/v2\/types\/page"}],"author":[{"embeddable":true,"href":"https:\/\/www.flechedor.lu\/fr\/wp-json\/wp\/v2\/users\/2"}],"replies":[{"embeddable":true,"href":"https:\/\/www.flechedor.lu\/fr\/wp-json\/wp\/v2\/comments?post=702"}],"version-history":[{"count":16,"href":"https:\/\/www.flechedor.lu\/fr\/wp-json\/wp\/v2\/pages\/702\/revisions"}],"predecessor-version":[{"id":988,"href":"https:\/\/www.flechedor.lu\/fr\/wp-json\/wp\/v2\/pages\/702\/revisions\/988"}],"up":[{"embeddable":true,"href":"https:\/\/www.flechedor.lu\/fr\/wp-json\/wp\/v2\/pages\/455"}],"wp:attachment":[{"href":"https:\/\/www.flechedor.lu\/fr\/wp-json\/wp\/v2\/media?parent=702"}],"curies":[{"name":"wp","href":"https:\/\/api.w.org\/{rel}","templated":true}]}}