{"id":693,"date":"2023-09-24T16:44:52","date_gmt":"2023-09-24T14:44:52","guid":{"rendered":"https:\/\/www.flechedor.lu\/nos-activites\/sport-pour-tous\/"},"modified":"2023-09-25T11:08:07","modified_gmt":"2023-09-25T09:08:07","slug":"sport-pour-tous","status":"publish","type":"page","link":"https:\/\/www.flechedor.lu\/fr\/nos-activites\/sport-pour-tous\/","title":{"rendered":"Sport pour Tous"},"content":{"rendered":"\n<p>Le <em>Sport pour Tous<\/em> est une initiative de la Ville de Luxembourg permettant \u00e0 tout citoyen de d\u00e9couvrir des sports exerc\u00e9s sur le territoire de la ville.<\/p>\n\n<p>Vous retrouverez plus d&rsquo;informations sur le <em>Sport pour Tous<\/em> sur le <a href=\"https:\/\/www.vdl.lu\/fr\/visiter\/loisirs-et-sports\/cours-sports-pour-tous\">site internet de la ville<\/a>, ainsi que des informations concernant les inscriptions.<\/p>\n\n<p>La Fl\u00e8che d\u2019Or club a \u00e9t\u00e9 un partenaire de longue date de la Ville de Luxembourg, et s&rsquo;occupe des initiations de tir \u00e0 l&rsquo;arc toute l&rsquo;ann\u00e9e.<\/p>\n\n<p>Pendant la saison 2023-2024, les s\u00e9ances ont lieu <strong>chaque jeudi hors vacances scolaires ou jours f\u00e9ri\u00e9s<\/strong>, <strong>de 19h \u00e0 20h<\/strong>, soit dans le hall de tir de <a href=\"https:\/\/test-www.flechedor.lu\/about-the-club\/indoor-shooting-range-bonnevoie\/\" data-type=\"page\" data-id=\"419\">Bonnevoie<\/a>, soit au <a href=\"https:\/\/test-www.flechedor.lu\/about-the-club\/outdoor-shooting-range-bambesch\/\" data-type=\"page\" data-id=\"424\">Bambesch<\/a>, suivant la p\u00e9riode de l&rsquo;ann\u00e9e.<\/p>\n\n<p>Les enfants \u00e2g\u00e9s de <strong>plus de 14 ans<\/strong> peuvent participer. Nous n&rsquo;avons pas d&rsquo;\u00e9quipement adapt\u00e9 pour les plus jeunes.<\/p>\n\n<h2 class=\"wp-block-heading\">Comment participer?<\/h2>\n\n<p>Il vous suffit de vous <a href=\"https:\/\/www.vdl.lu\/fr\/visiter\/loisirs-et-sports\/cours-sports-pour-tous\">enregister \u00e0 travers la Ville de Luxembourg<\/a>. Une fois l&rsquo;inscription confirm\u00e9e, nous serons notifi\u00e9s, une nouvelle liste de participants nous sera transmise avec vos d\u00e9tails. Sans cette inscription, l&rsquo;acc\u00e8s au cours n&rsquo;est pas permis.<\/p>\n\n<p>Si vous avez des questions sur la liste d&rsquo;attente ou l&rsquo;inscription, vous devrez contacter directement la Ville de Luxembourg, nous n&rsquo;avons aucun contr\u00f4le sur les inscriptions.<\/p>\n\n<h2 class=\"wp-block-heading\">Mat\u00e9riel<\/h2>\n\n<p>Nous fournissons tout le mat\u00e9riel de tir: arcs, fl\u00e8ches, protections, mais vous devrez ramener des v\u00eatements adapt\u00e9s:<\/p>\n\n<ul class=\"wp-block-list\">\n<li><strong>Des chaussures confortables<\/strong> (si possible pas de semelles noires en int\u00e9rieur pour ne pas marquer le sol en gomme). Il y a de grandes chances d&rsquo;\u00eatre debout pendant toute la s\u00e9ance.<\/li>\n\n\n\n<li><strong>Des habits proches du corps<\/strong>, pas forc\u00e9ment cintr\u00e9s, mais pas flottants, et nous ne sommes pas responsables des d\u00e9g\u00e2ts que pourraient causer les cordes \u00e0 vos v\u00eatements. Nous faisons de notre mieux pour nous assurer de votre s\u00e9curit\u00e9 pendant le tir, mais c&rsquo;est un d\u00e9tail que nous ne pouvons pas contr\u00f4ler.<\/li>\n\n\n\n<li><strong>Une attitude positive<\/strong>: c&rsquo;est avant tout <strong>pour le plaisir<\/strong>. Ne vous stressez pas, et ne vous mettez pas d&rsquo;objectifs impossibles lors de vos premi\u00e8res s\u00e9ances. Personne n&rsquo;est devenu champion du monde le premier jour d&rsquo;entra\u00eenement !<\/li>\n<\/ul>\n\n<h2 class=\"wp-block-heading\">Le tir en toute s\u00e9curit\u00e9<\/h2>\n\n<p>Nous faisons le maximum pour nous assurer de la s\u00e9curit\u00e9 des tireurs et des entra\u00eeneurs.<\/p>\n\n<p>Si un tireur <strong>ne respecte pas<\/strong> les r\u00e8gles de s\u00e9curit\u00e9, et ce malgr\u00e9 les <strong>rappels des entra\u00eeneurs<\/strong>, nous n&rsquo;h\u00e9siterons pas \u00e0 le sortir du cours, voire de l&rsquo;<strong>expulser d\u00e9finitivement<\/strong> du terrain. C&rsquo;est un point non n\u00e9gociable, et cela ne donnera lieu \u00e0 aucun remboursement.<\/p>\n\n<p>De la m\u00eame mani\u00e8re, la d\u00e9t\u00e9rioration volontaire de l&rsquo;\u00e9quipement du club est une autre raison d&rsquo;expulsion. (en g\u00e9n\u00e9ral il n&rsquo;y a pas de soucis \u00e0 se faire, tout le monde a d\u00e9j\u00e0 cass\u00e9 du mat\u00e9riel par m\u00e9garde)<\/p>\n\n<h2 class=\"wp-block-heading\">Mauvaise m\u00e9t\u00e9o<\/h2>\n\n<p>Nous sommes \u00e0 Luxembourg&#8230; Qu&rsquo;esp\u00e9rez-vous ? Lorsque les s\u00e9ances de Sport pour Tous se passent \u00e0 l&rsquo;ext\u00e9rieur, il n&rsquo;y a pas de toit pour couvrir l\u2019enti\u00e8ret\u00e9 des tireurs.<\/p>\n\n<p>Nous essayons de notre mieux pour organiser les s\u00e9ances par tous les temps (nos entra\u00eeneurs seront sur place) malgr\u00e9 le vent et le froid, mais les <strong>orages sont une annulation directe<\/strong>. Nous annulons toujours les s\u00e9ances si nous les consid\u00e9rons dangereuses pour les participants.<\/p>\n\n<p>Nous ne pouvons malheureusement pas pr\u00e9voir de s\u00e9ance de rattrapage en cas de mauvaises conditions m\u00e9t\u00e9o.<\/p>\n","protected":false},"excerpt":{"rendered":"<p>Le Sport pour Tous est une initiative de la Ville de Luxembourg permettant \u00e0 tout citoyen de d\u00e9couvrir des sports exerc\u00e9s sur le territoire de la ville. Vous retrouverez plus d&rsquo;informations sur<\/p>\n<a class=\"moretag noptoppad\" href=\"https:\/\/www.flechedor.lu\/fr\/nos-activites\/sport-pour-tous\/\">Read More...<\/a>","protected":false},"author":2,"featured_media":0,"parent":465,"menu_order":0,"comment_status":"closed","ping_status":"closed","template":"","meta":{"slim_seo":{"title":"Sport pour Tous - Fl\u00e8che d&#039;Or Luxembourg","description":"Le Sport pour Tous est une initiative de la Ville de Luxembourg permettant \u00e0 tout citoyen de d\u00e9couvrir des sports exerc\u00e9s sur le territoire de la ville. Vous re"},"footnotes":""},"class_list":["post-693","page","type-page","status-publish","hentry"],"_links":{"self":[{"href":"https:\/\/www.flechedor.lu\/fr\/wp-json\/wp\/v2\/pages\/693","targetHints":{"allow":["GET"]}}],"collection":[{"href":"https:\/\/www.flechedor.lu\/fr\/wp-json\/wp\/v2\/pages"}],"about":[{"href":"https:\/\/www.flechedor.lu\/fr\/wp-json\/wp\/v2\/types\/page"}],"author":[{"embeddable":true,"href":"https:\/\/www.flechedor.lu\/fr\/wp-json\/wp\/v2\/users\/2"}],"replies":[{"embeddable":true,"href":"https:\/\/www.flechedor.lu\/fr\/wp-json\/wp\/v2\/comments?post=693"}],"version-history":[{"count":5,"href":"https:\/\/www.flechedor.lu\/fr\/wp-json\/wp\/v2\/pages\/693\/revisions"}],"predecessor-version":[{"id":869,"href":"https:\/\/www.flechedor.lu\/fr\/wp-json\/wp\/v2\/pages\/693\/revisions\/869"}],"up":[{"embeddable":true,"href":"https:\/\/www.flechedor.lu\/fr\/wp-json\/wp\/v2\/pages\/465"}],"wp:attachment":[{"href":"https:\/\/www.flechedor.lu\/fr\/wp-json\/wp\/v2\/media?parent=693"}],"curies":[{"name":"wp","href":"https:\/\/api.w.org\/{rel}","templated":true}]}}