{"id":647,"date":"2023-09-24T16:37:42","date_gmt":"2023-09-24T14:37:42","guid":{"rendered":"https:\/\/www.flechedor.lu\/a-propos-du-club\/nos-partenaires-et-sponsors\/"},"modified":"2023-09-25T11:05:52","modified_gmt":"2023-09-25T09:05:52","slug":"nos-partenaires-et-sponsors","status":"publish","type":"page","link":"https:\/\/www.flechedor.lu\/fr\/a-propos-du-club\/nos-partenaires-et-sponsors\/","title":{"rendered":"Nos partenaires et sponsors"},"content":{"rendered":"\n<p>Nous souhaitons remercier nos partenaires et sponsors pour leur soutien dans le fonctionnement du club.<\/p>\n\n<div class=\"wp-block-group is-nowrap is-layout-flex wp-container-core-group-is-layout-ad2f72ca wp-block-group-is-layout-flex\">\n<p>L&rsquo;<a href=\"https:\/\/asdarcierivega.wixsite.com\/home\">ASD Arcieri Vega Fano<\/a> est un club de tir \u00e0 l&rsquo;arc situ\u00e9 \u00e0 Fano (Italie). Depuis 2021, les membres des deux clubs peuvent s&rsquo;entra\u00eener sur les deux sites pour leur permettre de continuer la pratique du tir pendant leurs vacances.<\/p>\n\n\n<div class=\"wp-block-image\">\n<figure class=\"aligncenter size-full is-resized\"><img loading=\"lazy\" decoding=\"async\" src=\"https:\/\/test-www.flechedor.lu\/wp-content\/uploads\/2023\/09\/vegafano_logo_bad.jpg\" alt=\"\" class=\"wp-image-620\" style=\"object-fit:contain;width:148px;height:120px\" width=\"148\" height=\"120\"\/><figcaption class=\"wp-element-caption\"><a href=\"https:\/\/asdarcierivega.wixsite.com\/home\">ASD Arcieri Vega Fano<\/a><\/figcaption><\/figure>\n<\/div><\/div>\n\n<div class=\"wp-block-group is-nowrap is-layout-flex wp-container-core-group-is-layout-ad2f72ca wp-block-group-is-layout-flex\"><div class=\"wp-block-image\">\n<figure class=\"aligncenter size-full is-resized\"><img loading=\"lazy\" decoding=\"async\" src=\"https:\/\/test-www.flechedor.lu\/wp-content\/uploads\/2023\/09\/danage_logo.jpg\" alt=\"\" class=\"wp-image-622\" style=\"object-fit:contain;width:295px;height:142px\" width=\"295\" height=\"142\" srcset=\"https:\/\/www.flechedor.lu\/wp-content\/uploads\/2023\/09\/danage_logo.jpg 868w, https:\/\/www.flechedor.lu\/wp-content\/uploads\/2023\/09\/danage_logo-720x348.jpg 720w, https:\/\/www.flechedor.lu\/wp-content\/uploads\/2023\/09\/danage_logo-768x371.jpg 768w\" sizes=\"auto, (max-width: 295px) 100vw, 295px\" \/><figcaption class=\"wp-element-caption\"><a href=\"https:\/\/www.danage.dk\">Cibles Danage domino<\/a><\/figcaption><\/figure>\n<\/div>\n\n\n<p><a href=\"https:\/\/www.danage.dk\">Danage<\/a> propose des blocs de cibles en mousse versatile et de tr\u00e8s bonne qualit\u00e9, fabriqu\u00e9s au Danemark, et adapt\u00e9s \u00e0 tous types d&rsquo;arcs. Ces cibles sont notamment utilis\u00e9es lors des championnats du monde, ou sur les circuits internationaux. Nous les avons choisies pour notre mur de tir int\u00e9rieur, et nos cibles mobiles des tournois.<\/p>\n<\/div>\n\n<div class=\"wp-block-group is-nowrap is-layout-flex wp-container-core-group-is-layout-ad2f72ca wp-block-group-is-layout-flex\">\n<p><a href=\"https:\/\/eleventargets.hu\/\">Eleven targets<\/a> est une soci\u00e9t\u00e9 hongroise qui fabrique les cibles embl\u00e9matiques avec les inserts jaunes rempla\u00e7ables. Ces cibles de tr\u00e8s haute qualit\u00e9 sont \u00e9galement utilis\u00e9es sur les circuits internationaux. Nous les avons choisies comme syst\u00e8me de cibles pour notre pas de tir ext\u00e9rieur, en majorit\u00e9 \u00e0 cause de la tr\u00e8s bonne durabilit\u00e9 de ces inserts circulaires.<\/p>\n\n\n<div class=\"wp-block-image\">\n<figure class=\"aligncenter size-full is-resized\"><img loading=\"lazy\" decoding=\"async\" src=\"https:\/\/test-www.flechedor.lu\/wp-content\/uploads\/2023\/09\/eleven-logo-1.jpg\" alt=\"\" class=\"wp-image-624\" style=\"object-fit:contain;width:268px;height:67px\" width=\"268\" height=\"67\"\/><figcaption class=\"wp-element-caption\"><a href=\"https:\/\/eleventargets.hu\/\">Eleven targets<\/a><\/figcaption><\/figure>\n<\/div><\/div>\n\n<div class=\"wp-block-group is-nowrap is-layout-flex wp-container-core-group-is-layout-ad2f72ca wp-block-group-is-layout-flex\"><div class=\"wp-block-image\">\n<figure class=\"aligncenter size-full is-resized\"><img loading=\"lazy\" decoding=\"async\" src=\"https:\/\/test-www.flechedor.lu\/wp-content\/uploads\/2023\/09\/Luxarc_DEF_VEC_baseline_small-1.jpg\" alt=\"\" class=\"wp-image-626\" style=\"object-fit:contain;width:279px;height:104px\" width=\"279\" height=\"104\" srcset=\"https:\/\/www.flechedor.lu\/wp-content\/uploads\/2023\/09\/Luxarc_DEF_VEC_baseline_small-1.jpg 1083w, https:\/\/www.flechedor.lu\/wp-content\/uploads\/2023\/09\/Luxarc_DEF_VEC_baseline_small-1-720x267.jpg 720w, https:\/\/www.flechedor.lu\/wp-content\/uploads\/2023\/09\/Luxarc_DEF_VEC_baseline_small-1-768x285.jpg 768w\" sizes=\"auto, (max-width: 279px) 100vw, 279px\" \/><figcaption class=\"wp-element-caption\"><a href=\"https:\/\/luxarc.lu\">Luxarc<\/a><\/figcaption><\/figure>\n<\/div>\n\n\n<p>Fond\u00e9e par deux anciens membres du club en 2021, la soci\u00e9t\u00e9 <a href=\"https:\/\/luxarc.lu\">Luxarc<\/a> est rapidement devenue la r\u00e9f\u00e9rence pour l&rsquo;achat de mat\u00e9riel et de services dans la grande r\u00e9gion et plus loin encore. Les prix sont comp\u00e9titifs et les conseils de bonne qualit\u00e9. Les membres du club sont plus qu&rsquo;encourag\u00e9s \u00e0 y faire leurs achats, d&rsquo;autant que des r\u00e9ductions leurs sont propos\u00e9es.<\/p>\n<\/div>\n\n<div class=\"wp-block-group is-nowrap is-layout-flex wp-container-core-group-is-layout-ad2f72ca wp-block-group-is-layout-flex\">\n<p>La <a href=\"https:\/\/www.vdl.lu\">Ville de Luxembourg<\/a> est le partenaire majeur du club depuis sa cr\u00e9ation. En plus de fournir toutes les infrastructures pour l&rsquo;int\u00e9rieur et l&rsquo;ext\u00e9rieur, la ville met \u00e0 disposition des terrains ou salles lors de l&rsquo;organisation de nos tournois. Ce partenariat est \u00e0 deux sens, puisque nous nous occupons du <em><a href=\"https:\/\/test-www.flechedor.lu\/our-activities\/sport-pour-tous\/\" data-type=\"page\" data-id=\"634\">Sport pour Tous<\/a><\/em> depuis des ann\u00e9es, ainsi que certains \u00e9v\u00e9nements temporaires pendant l&rsquo;\u00e9t\u00e9 (Sportswochen par exemple).<\/p>\n\n\n<div class=\"wp-block-image\">\n<figure class=\"aligncenter size-full is-resized\"><img loading=\"lazy\" decoding=\"async\" src=\"https:\/\/test-www.flechedor.lu\/wp-content\/uploads\/2023\/09\/vdl-logo-1.jpg\" alt=\"\" class=\"wp-image-628\" style=\"object-fit:contain;width:250px;height:147px\" width=\"250\" height=\"147\"\/><figcaption class=\"wp-element-caption\"><a href=\"https:\/\/www.vdl.lu\">Ville de Luxembourg<\/a><\/figcaption><\/figure>\n<\/div><\/div>\n","protected":false},"excerpt":{"rendered":"<p>Nous souhaitons remercier nos partenaires et sponsors pour leur soutien dans le fonctionnement du club. L&rsquo;ASD Arcieri Vega Fano est un club de tir \u00e0 l&rsquo;arc situ\u00e9 \u00e0 Fano (Italie). Depuis 2021,<\/p>\n<a class=\"moretag noptoppad\" href=\"https:\/\/www.flechedor.lu\/fr\/a-propos-du-club\/nos-partenaires-et-sponsors\/\">Read More...<\/a>","protected":false},"author":2,"featured_media":0,"parent":453,"menu_order":0,"comment_status":"closed","ping_status":"closed","template":"","meta":{"slim_seo":{"title":"Nos partenaires et sponsors - Fl\u00e8che d&#039;Or Luxembourg","description":"Nous souhaitons remercier nos partenaires et sponsors pour leur soutien dans le fonctionnement du club. L' ASD Arcieri Vega Fano est un club de tir \u00e0 l'arc situ"},"footnotes":""},"class_list":["post-647","page","type-page","status-publish","hentry"],"_links":{"self":[{"href":"https:\/\/www.flechedor.lu\/fr\/wp-json\/wp\/v2\/pages\/647","targetHints":{"allow":["GET"]}}],"collection":[{"href":"https:\/\/www.flechedor.lu\/fr\/wp-json\/wp\/v2\/pages"}],"about":[{"href":"https:\/\/www.flechedor.lu\/fr\/wp-json\/wp\/v2\/types\/page"}],"author":[{"embeddable":true,"href":"https:\/\/www.flechedor.lu\/fr\/wp-json\/wp\/v2\/users\/2"}],"replies":[{"embeddable":true,"href":"https:\/\/www.flechedor.lu\/fr\/wp-json\/wp\/v2\/comments?post=647"}],"version-history":[{"count":3,"href":"https:\/\/www.flechedor.lu\/fr\/wp-json\/wp\/v2\/pages\/647\/revisions"}],"predecessor-version":[{"id":865,"href":"https:\/\/www.flechedor.lu\/fr\/wp-json\/wp\/v2\/pages\/647\/revisions\/865"}],"up":[{"embeddable":true,"href":"https:\/\/www.flechedor.lu\/fr\/wp-json\/wp\/v2\/pages\/453"}],"wp:attachment":[{"href":"https:\/\/www.flechedor.lu\/fr\/wp-json\/wp\/v2\/media?parent=647"}],"curies":[{"name":"wp","href":"https:\/\/api.w.org\/{rel}","templated":true}]}}