{"id":476,"date":"2023-09-22T12:54:22","date_gmt":"2023-09-22T10:54:22","guid":{"rendered":"https:\/\/www.flechedor.lu\/a-propos-du-club\/pas-de-tir-exterieur-bambesch\/"},"modified":"2023-09-25T11:08:59","modified_gmt":"2023-09-25T09:08:59","slug":"pas-de-tir-exterieur-bambesch","status":"publish","type":"page","link":"https:\/\/www.flechedor.lu\/fr\/a-propos-du-club\/pas-de-tir-exterieur-bambesch\/","title":{"rendered":"Pas de tir ext\u00e9rieur: Bambesch"},"content":{"rendered":"\n<h2 class=\"wp-block-heading\">G\u00e9n\u00e9ralit\u00e9s<\/h2>\n\n<p>Avec les beaux jours, le club se d\u00e9place au stand de tir ext\u00e9rieur, dans la <strong>for\u00eat du Bambesch<\/strong> autour des terrains de tennis du Spora, en g\u00e9n\u00e9ral d&rsquo;<strong>avril \u00e0 septembre<\/strong>.<\/p>\n\n<p>L&rsquo;endroit est semi-privatif, aucun autre club ne peut l&rsquo;utiliser, et l&rsquo;acc\u00e8s est possible 24h\/24h, 7j\/7j. Un espace de stockage est disponible pour stocker les arcs et d&rsquo;autres \u00e9quipements.<\/p>\n\n<p>Le terrain est construit pour offrir des cibles fixes <a href=\"https:\/\/eleventargets.hu\/\" target=\"_blank\" rel=\"noreferrer noopener\" aria-label=\"Eleven (opens in a new tab)\">Eleven<\/a>: 18m, 30m, 50m, 60m, 70m, 90m, le tout sous un pr\u00e9au pour prot\u00e9ger du mauvais temps.<\/p>\n\n<p>Il est \u00e9galement possible de sortir des cibles mobiles pour permettre \u00e0 plus de tireurs d&rsquo;utiliser la m\u00eame distance.<\/p>\n\n<p>Nos membres organisent \u00e9galement de temps en temps des \u00e9v\u00e8nements informels, comme des barbecues pour permettre \u00e0 tous de se rencontrer. Voyez directement avec eux si quelque chose est organis\u00e9.<\/p>\n\n<h2 class=\"wp-block-heading\">Acc\u00e8s<\/h2>\n\n<p>Le pas de tir se situe juste en dessous du terrain de football, la porte est situ\u00e9e sur le chemin allant vers la for\u00eat. Il n&rsquo;est pas possible de se garer juste devant, mais des parkings sont disponibles \u00e0 300 et 500m.<\/p>\n\n<p>L&rsquo;endroit est \u00e9galement disponible en transports en commun: <\/p>\n\n<ul class=\"wp-block-list\">\n<li><a href=\"https:\/\/www.mobiliteit.lu\/wp-content\/uploads\/horaires-new\/avl\/33.pdf?v=20230717\">bus 33<\/a> et <a href=\"https:\/\/www.mobiliteit.lu\/wp-content\/uploads\/horaires-new\/rgtr\/921.pdf?v=20230920\">bus 921<\/a> (arr\u00eat <em>Bambesch centre sportif<\/em>) <\/li>\n\n\n\n<li><a href=\"https:\/\/www.mobiliteit.lu\/wp-content\/uploads\/horaires-new\/avl\/21.pdf?v=20230717\" target=\"_blank\" rel=\"noreferrer noopener\">bus 21<\/a> (arr\u00eat <em>Muhlenbach, Peiffeschbierg<\/em>)<\/li>\n<\/ul>\n\n<h2 class=\"wp-block-heading\">Acc\u00e8s<\/h2>\n<style type=\"text\/css\" id=\"gmpMapStyles_2_76044\">\r\n\t#google_map_easy_2_76044 {\r\n        width: 100%;\r\n        height: 350px;\r\n\t\t\t\t\t\t    }\r\n\t#gmapControlsNum_2_76044 {\r\n\t\twidth:100%\t}\r\n\t.gmpMapDetailsContainer#gmpMapDetailsContainer_2_76044 {\r\n\t\theight:350px;\r\n\t}\r\n\t.gmp_MapPreview#google_map_easy_2_76044 {\r\n\t\t\/*position:absolute;*\/\r\n\t\twidth: 100%;\r\n\t}\r\n\t#mapConElem_2_76044{\r\n\t\twidth: 100%\t}\r\n    .gm-style .gm-style-iw-c{\r\n        padding: 12px!important;\r\n    }\r\n\t    <\/style>\r\n <div class=\"gmp_map_opts\" id=\"mapConElem_2_76044\" data-id=\"2\" data-view-id=\"2_76044\" > <div class=\"gmpMapDetailsContainer\" id=\"gmpMapDetailsContainer_2_76044\"> <i class=\"gmpKMLLayersPreloader fa fa-spinner fa-spin\" aria-hidden=\"true\" style=\"display: none;\"><\/i> <div class=\"gmp_MapPreview \" id=\"google_map_easy_2_76044\"><\/div> <\/div> <div class=\"gmpMapMarkerFilters\" id=\"gmpMapMarkerFilters_2_76044\"> <\/div> <div class=\"gmpMapProControlsCon\" id=\"gmpMapProControlsCon_2_76044\"> <a title=\"WP Google Maps\" style=\"display:none;\" href=\"https:\/\/supsystic.com\/plugins\/google-maps-plugin\/?utm_medium=love_link_hide\" target=\"_blank\">WP Google Maps<\/a><div style=\"clear: both;\"><\/div> <\/div> <div class=\"gmpMapProDirectionsCon\" id=\"gmpMapProDirectionsCon_2_76044\" > <\/div> <div class=\"gmpMapProKmlFilterCon\" id=\"gmpMapProKmlFilterCon_2_76044\" > <\/div> <div class=\"gmpSocialSharingShell gmpSocialSharingShell_2_76044\"> <\/div> <div style=\"clear: both;\"><\/div> <\/div> \n","protected":false},"excerpt":{"rendered":"<p>G\u00e9n\u00e9ralit\u00e9s Avec les beaux jours, le club se d\u00e9place au stand de tir ext\u00e9rieur, dans la for\u00eat du Bambesch autour des terrains de tennis du Spora, en g\u00e9n\u00e9ral d&rsquo;avril \u00e0 septembre. L&rsquo;endroit<\/p>\n<a class=\"moretag noptoppad\" href=\"https:\/\/www.flechedor.lu\/fr\/a-propos-du-club\/pas-de-tir-exterieur-bambesch\/\">Read More...<\/a>","protected":false},"author":2,"featured_media":0,"parent":453,"menu_order":0,"comment_status":"closed","ping_status":"closed","template":"","meta":{"slim_seo":{"title":"Pas de tir ext\u00e9rieur: Bambesch - Fl\u00e8che d&#039;Or Luxembourg","description":"G\u00e9n\u00e9ralit\u00e9s Avec les beaux jours, le club se d\u00e9place au stand de tir ext\u00e9rieur, dans la for\u00eat du Bambesch autour des terrains de tennis du Spora, en g\u00e9n\u00e9ral d'"},"footnotes":""},"class_list":["post-476","page","type-page","status-publish","hentry"],"_links":{"self":[{"href":"https:\/\/www.flechedor.lu\/fr\/wp-json\/wp\/v2\/pages\/476","targetHints":{"allow":["GET"]}}],"collection":[{"href":"https:\/\/www.flechedor.lu\/fr\/wp-json\/wp\/v2\/pages"}],"about":[{"href":"https:\/\/www.flechedor.lu\/fr\/wp-json\/wp\/v2\/types\/page"}],"author":[{"embeddable":true,"href":"https:\/\/www.flechedor.lu\/fr\/wp-json\/wp\/v2\/users\/2"}],"replies":[{"embeddable":true,"href":"https:\/\/www.flechedor.lu\/fr\/wp-json\/wp\/v2\/comments?post=476"}],"version-history":[{"count":8,"href":"https:\/\/www.flechedor.lu\/fr\/wp-json\/wp\/v2\/pages\/476\/revisions"}],"predecessor-version":[{"id":871,"href":"https:\/\/www.flechedor.lu\/fr\/wp-json\/wp\/v2\/pages\/476\/revisions\/871"}],"up":[{"embeddable":true,"href":"https:\/\/www.flechedor.lu\/fr\/wp-json\/wp\/v2\/pages\/453"}],"wp:attachment":[{"href":"https:\/\/www.flechedor.lu\/fr\/wp-json\/wp\/v2\/media?parent=476"}],"curies":[{"name":"wp","href":"https:\/\/api.w.org\/{rel}","templated":true}]}}