{"id":463,"date":"2023-09-17T20:51:00","date_gmt":"2023-09-17T18:51:00","guid":{"rendered":"https:\/\/www.flechedor.lu\/rejoindre-le-club\/nos-tarifs\/"},"modified":"2023-09-22T18:06:40","modified_gmt":"2023-09-22T16:06:40","slug":"nos-tarifs","status":"publish","type":"page","link":"https:\/\/www.flechedor.lu\/fr\/rejoindre-le-club\/nos-tarifs\/","title":{"rendered":"Nos tarifs"},"content":{"rendered":"\n<p>L&rsquo;ann\u00e9e civile du club va de mars \u00e0 mars l&rsquo;ann\u00e9e suivante, et les renouvellements des cotisations sont faits autour du mois de f\u00e9vrier chaque ann\u00e9e. Les prix suivants sont consid\u00e9r\u00e9s comme valides jusqu&rsquo;en <strong>mars 2024<\/strong>.<\/p>\n\n<h3 class=\"wp-block-heading\">Cartes de membre<\/h3>\n\n<figure class=\"wp-block-table is-style-stripes\"><table><tbody><tr><td>Cotisation adulte<\/td><td>70 \u20ac<\/td><\/tr><tr><td>Cotisation adulte prise apr\u00e8s septembre de l&rsquo;ann\u00e9e en cours<\/td><td>50 \u20ac<\/td><\/tr><tr><td>Cotisation jeune<\/td><td>50 \u20ac<\/td><\/tr><tr><td>Cotisation jeune prise apr\u00e8s septembre de l&rsquo;ann\u00e9e en cours<\/td><td>30 \u20ac<\/td><\/tr><tr><td>\u00abPass\u00bb visiteur \u2014 1 mois<\/td><td>10 \u20ac<\/td><\/tr><tr><td>Licence f\u00e9d\u00e9rale (nouvelle, renouvellement, transfert)<\/td><td>40 \u20ac<\/td><\/tr><\/tbody><\/table><figcaption class=\"wp-element-caption\"><em>Tarifs des cartes de membre 2023-2024<\/em><\/figcaption><\/figure>\n\n<p>Les cartes de membre sont valides au 31 mars de l&rsquo;ann\u00e9e civile courante, exception faite d&rsquo;une carte prise en janvier ou f\u00e9vrier, auquel cas les deux mois sont offerts au nouveau membre. Les cartes de membre prises entre octobre et d\u00e9cembre donnent lieu \u00e0 une r\u00e9duction.<\/p>\n\n<p>Pour recevoir une licence f\u00e9d\u00e9rale, les membres int\u00e9ress\u00e9s doivent contacter un membre du comit\u00e9 pour <a href=\"https:\/\/test-www.flechedor.lu\/fr\/rejoindre-le-club\/la-licence-federale\/\" data-type=\"page\" data-id=\"115\">d\u00e9marrer la proc\u00e9dure<\/a>. La licence est valable du 15 octobre au 15 octobre de l&rsquo;ann\u00e9e suivante, et le renouvellement doit \u00eatre demand\u00e9 avant cette date butoir.<\/p>\n\n<h3 class=\"wp-block-heading\">Entra\u00eenement priv\u00e9<\/h3>\n\n<figure class=\"wp-block-table is-style-stripes\"><table><tbody><tr><td>5 sessions priv\u00e9es (\u2248 1h)<\/td><td>125 \u20ac<\/td><\/tr><tr><td>10 sessions priv\u00e9es (\u2248 1h)<\/td><td>250 \u20ac<\/td><\/tr><\/tbody><\/table><figcaption class=\"wp-element-caption\"><em>Tarifs entra\u00eenements priv\u00e9s 2023-2024<\/em><\/figcaption><\/figure>\n\n<p>Sur demande aupr\u00e8s du comit\u00e9, des sessions d&rsquo;entra\u00eenement priv\u00e9es peuvent \u00eatre demand\u00e9es pour s&rsquo;offrir l&rsquo;aide d&rsquo;un tireur exp\u00e9riment\u00e9 ou d&rsquo;un entra\u00eeneur dipl\u00f4m\u00e9. <\/p>\n\n<h3 class=\"wp-block-heading\">Location d&rsquo;\u00e9quipement<\/h3>\n\n<figure class=\"wp-block-table is-style-stripes\"><table><tbody><tr><td>Location d&rsquo;arc classique 3 mois<\/td><td>100 \u20ac<\/td><\/tr><tr><td>Extension de location d&rsquo;arc classique 3 mois<\/td><td>80 \u20ac<\/td><\/tr><tr><td>Location d&rsquo;arc \u00e0 poulies 3 mois<\/td><td>150 \u20ac<\/td><\/tr><tr><td>Extension de location d&rsquo;arc \u00e0 poulies 3 mois<\/td><td>100 \u20ac<\/td><\/tr><\/tbody><\/table><figcaption class=\"wp-element-caption\"><em>Tarifs des locations 2023-2024<\/em><\/figcaption><\/figure>\n","protected":false},"excerpt":{"rendered":"<p>L&rsquo;ann\u00e9e civile du club va de mars \u00e0 mars l&rsquo;ann\u00e9e suivante, et les renouvellements des cotisations sont faits autour du mois de f\u00e9vrier chaque ann\u00e9e. Les prix suivants sont consid\u00e9r\u00e9s comme valides<\/p>\n<a class=\"moretag noptoppad\" href=\"https:\/\/www.flechedor.lu\/fr\/rejoindre-le-club\/nos-tarifs\/\">Read More...<\/a>","protected":false},"author":2,"featured_media":0,"parent":459,"menu_order":0,"comment_status":"closed","ping_status":"closed","template":"","meta":{"slim_seo":{"title":"Nos tarifs - Fl\u00e8che d&#039;Or Luxembourg","description":"L'ann\u00e9e civile du club va de mars \u00e0 mars l'ann\u00e9e suivante, et les renouvellements des cotisations sont faits autour du mois de f\u00e9vrier chaque ann\u00e9e. Les prix su"},"footnotes":""},"class_list":["post-463","page","type-page","status-publish","hentry"],"_links":{"self":[{"href":"https:\/\/www.flechedor.lu\/fr\/wp-json\/wp\/v2\/pages\/463","targetHints":{"allow":["GET"]}}],"collection":[{"href":"https:\/\/www.flechedor.lu\/fr\/wp-json\/wp\/v2\/pages"}],"about":[{"href":"https:\/\/www.flechedor.lu\/fr\/wp-json\/wp\/v2\/types\/page"}],"author":[{"embeddable":true,"href":"https:\/\/www.flechedor.lu\/fr\/wp-json\/wp\/v2\/users\/2"}],"replies":[{"embeddable":true,"href":"https:\/\/www.flechedor.lu\/fr\/wp-json\/wp\/v2\/comments?post=463"}],"version-history":[{"count":1,"href":"https:\/\/www.flechedor.lu\/fr\/wp-json\/wp\/v2\/pages\/463\/revisions"}],"predecessor-version":[{"id":464,"href":"https:\/\/www.flechedor.lu\/fr\/wp-json\/wp\/v2\/pages\/463\/revisions\/464"}],"up":[{"embeddable":true,"href":"https:\/\/www.flechedor.lu\/fr\/wp-json\/wp\/v2\/pages\/459"}],"wp:attachment":[{"href":"https:\/\/www.flechedor.lu\/fr\/wp-json\/wp\/v2\/media?parent=463"}],"curies":[{"name":"wp","href":"https:\/\/api.w.org\/{rel}","templated":true}]}}