{"id":461,"date":"2023-09-17T21:19:22","date_gmt":"2023-09-17T19:19:22","guid":{"rendered":"https:\/\/www.flechedor.lu\/rejoindre-le-club\/la-licence-federale\/"},"modified":"2023-09-22T18:05:38","modified_gmt":"2023-09-22T16:05:38","slug":"la-licence-federale","status":"publish","type":"page","link":"https:\/\/www.flechedor.lu\/fr\/rejoindre-le-club\/la-licence-federale\/","title":{"rendered":"La licence f\u00e9d\u00e9rale"},"content":{"rendered":"\n<p>Nous recommandons fortement \u00e0 nos membres de s&rsquo;affilier \u00e0 la <a href=\"https:\/\/flta.lu\" data-type=\"link\" data-id=\"https:\/\/flta.lu\">F\u00e9d\u00e9ration Luxembourgeoise de Tir \u00e0 l&rsquo;Arc (FLTA)<\/a> en prenant une licence f\u00e9d\u00e9rale. Il ne s&rsquo;agit pas d&rsquo;une obligation au sein du club, mais cela apporte certains avantages, comme par exemple une assurance suppl\u00c3\u00a9mentaire pour la pratique du tir \u00c3\u00a0 l&rsquo;arc en dehors des infrastructures du club.<\/p>\n\n<p>Quelques \u00e9tapes sont \u00e0 suivre.<\/p>\n\n<p>Le membre fait part de son souhait de demander une licence \u00c3\u00a0 l&rsquo;un des <a href=\"https:\/\/test-www.flechedor.lu\/fr\/a-propos-du-club\/le-comite\/\" data-type=\"page\" data-id=\"126\">membres du comit\u00c3\u00a9<\/a>. Ce dernier (ou un entra\u00eeneur) v\u00e9rifiera que l&rsquo;athl\u00e8te respecte des crit\u00e8res de base de s\u00e9curit\u00e9 et d&rsquo;ind\u00e9pendance sur le pas de tir. Au besoin, le membre pourra \u00e9galement apprendre les r\u00e8gles de base des tournois s&rsquo;il souhaite y participer.<\/p>\n\n<p>Une fois l&rsquo;accord de principe donn\u00e9, le membre doit <a href=\"https:\/\/sports.public.lu\/fr\/medico-sportif\/rendez-vous.html\">prendre rendez-vous<\/a> dans l&rsquo;un des <a href=\"https:\/\/sports.public.lu\/fr\/medico-sportif\/centres-examens.html\">centres d&rsquo;examens m\u00e9dicaux officiels<\/a>. Les rendez-vous sont gratuits, il faut simplement poss\u00e9der un num\u00e9ro de CNS. Le m\u00e9decin examinateur enverra les r\u00e9sultats de l&rsquo;examen \u00e0 la f\u00e9d\u00e9ration et au club (seul la mention apte ou non est transmise \u00e0 ces instances, aucun autre d\u00e9tail de sant\u00e9). En cas de refus ou d&rsquo;aptitude temporaire, le membre recevra \u00e0 son domicile un pli confidentiel l&rsquo;invitant \u00e0 se r\u00e9f\u00e9rer \u00e0 un sp\u00e9cialiste. <strong>Le club ou la f\u00e9d\u00e9ration ne re\u00e7oivent jamais ces informations.<\/strong><\/p>\n\n<p>Le club envoie ensuite une facture au membre demandant le pr\u00c3\u00a9paiement des frais de licence (les montants \u00c3\u00a0 jour sont disponibles sur notre <a href=\"https:\/\/test-www.flechedor.lu\/fr\/rejoindre-le-club\/nos-tarifs\/\" data-type=\"page\" data-id=\"104\">page tarifs<\/a>).<\/p>\n\n<p>Apr\u00e8s paiement, le secr\u00e9taire ou pr\u00e9sident du club pr\u00e9parera le formulaire \u00e0 v\u00e9rifier et signer par le membre, contenant les informations suivantes:<\/p>\n\n<ul class=\"wp-block-list\">\n<li>Nom, pr\u00e9nom<\/li>\n\n\n\n<li>Date et lieu de naissance<\/li>\n\n\n\n<li>Adresse<\/li>\n\n\n\n<li>Nationalit\u00e9<\/li>\n<\/ul>\n\n<p>Le dossier est ensuite transmis \u00e0 la f\u00e9d\u00e9ration, qui se r\u00e9unit une fois par mois et l&rsquo;approuvera \u00e0 ce moment. La copie papier de la licence parviendra au club dans les semaines suivantes.<\/p>\n","protected":false},"excerpt":{"rendered":"<p>Nous recommandons fortement \u00e0 nos membres de s&rsquo;affilier \u00e0 la F\u00e9d\u00e9ration Luxembourgeoise de Tir \u00e0 l&rsquo;Arc (FLTA) en prenant une licence f\u00e9d\u00e9rale. Il ne s&rsquo;agit pas d&rsquo;une obligation au sein du club,<\/p>\n<a class=\"moretag noptoppad\" href=\"https:\/\/www.flechedor.lu\/fr\/rejoindre-le-club\/la-licence-federale\/\">Read More...<\/a>","protected":false},"author":2,"featured_media":0,"parent":459,"menu_order":0,"comment_status":"closed","ping_status":"closed","template":"","meta":{"slim_seo":{"description":"Nous recommandons fortement \u00e0 nos membres de s'affilier \u00e0 la F\u00e9d\u00e9ration Luxembourgeoise de Tir \u00e0 l'Arc (FLTA) en prenant une licence f\u00e9d\u00e9rale. Cette page d\u00e9crit la proc\u00e9dure pour s'en procurer une.","title":"La licence f\u00e9d\u00e9rale - Fl\u00e8che d&#039;Or Luxembourg"},"footnotes":""},"class_list":["post-461","page","type-page","status-publish","hentry"],"_links":{"self":[{"href":"https:\/\/www.flechedor.lu\/fr\/wp-json\/wp\/v2\/pages\/461","targetHints":{"allow":["GET"]}}],"collection":[{"href":"https:\/\/www.flechedor.lu\/fr\/wp-json\/wp\/v2\/pages"}],"about":[{"href":"https:\/\/www.flechedor.lu\/fr\/wp-json\/wp\/v2\/types\/page"}],"author":[{"embeddable":true,"href":"https:\/\/www.flechedor.lu\/fr\/wp-json\/wp\/v2\/users\/2"}],"replies":[{"embeddable":true,"href":"https:\/\/www.flechedor.lu\/fr\/wp-json\/wp\/v2\/comments?post=461"}],"version-history":[{"count":1,"href":"https:\/\/www.flechedor.lu\/fr\/wp-json\/wp\/v2\/pages\/461\/revisions"}],"predecessor-version":[{"id":462,"href":"https:\/\/www.flechedor.lu\/fr\/wp-json\/wp\/v2\/pages\/461\/revisions\/462"}],"up":[{"embeddable":true,"href":"https:\/\/www.flechedor.lu\/fr\/wp-json\/wp\/v2\/pages\/459"}],"wp:attachment":[{"href":"https:\/\/www.flechedor.lu\/fr\/wp-json\/wp\/v2\/media?parent=461"}],"curies":[{"name":"wp","href":"https:\/\/api.w.org\/{rel}","templated":true}]}}