{"id":459,"date":"2023-09-17T18:23:00","date_gmt":"2023-09-17T16:23:00","guid":{"rendered":"https:\/\/www.flechedor.lu\/rejoindre-le-club\/"},"modified":"2023-09-24T16:47:29","modified_gmt":"2023-09-24T14:47:29","slug":"rejoindre-le-club","status":"publish","type":"page","link":"https:\/\/www.flechedor.lu\/fr\/rejoindre-le-club\/","title":{"rendered":"Rejoindre le club"},"content":{"rendered":"\n<p>Rejoindre le club est avant tout un moyen facile de soutenir l&rsquo;association et ses b\u00e9n\u00e9voles.<\/p>\n\n<p>Vous retrouverez plus d&rsquo;informations <a href=\"https:\/\/test-www.flechedor.lu\/fr\/rejoindre-le-club\/nos-tarifs\/\" data-type=\"page\" data-id=\"104\">sur nos prix sur cette page<\/a>.<\/p>\n\n<p>En tant que membre actif, vous pourrez venir vous entra\u00eener en dehors des sessions r\u00e9serv\u00e9es aux d\u00e9butants, afin de vous entra\u00eener en groupe ou avec un entra\u00eeneur priv\u00e9. Bien \u00e9videmment, vous serez inform\u00e9s et invit\u00e9s \u00e0 tous les \u00e9v\u00e9nements organis\u00e9s par le club tout au long de l&rsquo;ann\u00e9e. Vous aurez donc la possibilit\u00e9 d&rsquo;\u00eatre membre \u00e0 part enti\u00e8re de la communaut\u00e9 de la <em>Fl\u00e8che d&rsquo;Or<\/em>.<\/p>\n\n<p>En tant que membre vous avez \u00e9galement le droit de voter \u00e0 l&rsquo;Assembl\u00e9e G\u00e9n\u00e9rale ordinaire, et de vous pr\u00e9senter <a href=\"https:\/\/test-www.flechedor.lu\/fr\/a-propos-du-club\/le-comite\/\" data-type=\"page\" data-id=\"126\">au comit\u00e9<\/a>.<\/p>\n\n<p>Nous n&rsquo;appliquons pas de contraintes pour qui se souhaite rejoindre le club, mais nous vous demandons de suivre ces \u00e9tapes avant de poser votre candidature pour nous assurer que tout se passera bien avec les membres existants:<\/p>\n\n<ul class=\"wp-block-list\">\n<li>participer au <em><a href=\"https:\/\/test-www.flechedor.lu\/our-activities\/sport-pour-tous\/\" data-type=\"page\" data-id=\"634\">Sport pour Tous<\/a><\/em> pendant une saison pour accumuler assez d&rsquo;exp\u00e9rience pour qu&rsquo;un des entra\u00eeneurs vous invite, ou<\/li>\n\n\n\n<li>participer \u00e0 l&rsquo;un de nos <em>stages trimestriels<\/em>, o\u00f9 vous apprendrez le tir de mani\u00e8re un peu plus pouss\u00e9e, ou<\/li>\n\n\n\n<li>en tant qu&rsquo;archer confirm\u00e9, avez pass\u00e9 une s\u00e9ance avec l&rsquo;un de nos membres du comit\u00e9 ou nos entra\u00eeneurs afin de s&rsquo;assurer que vous pouvez tirer de mani\u00e8re ind\u00e9pendante.<\/li>\n<\/ul>\n\n<p>Lors que vous remplissez un de ces crit\u00e8res, vous pouvez remplir le formulaire d&rsquo;adh\u00e9sion \u00e0 transmettre au CA de l&rsquo;association, qui vous enverra une facture une fois tous les d\u00e9tails valid\u00e9s. La carte de membre est valide \u00e0 partir du paiement de la cotisation, vous donnant les m\u00eames droits que tous les membres actifs.<\/p>\n\n<p>Nous conseillons aussi aux tireurs actifs de prendre une licence f\u00e9d\u00e9rale. M\u00eame si votre int\u00e9r\u00eat n&rsquo;est pas port\u00e9 sur la comp\u00e9tition, cette licence vous donne une assurance suppl\u00e9mentaire, ainsi que la possibilit\u00e9 de vous entra\u00eener dans d&rsquo;autres clubs pendant vos vacances par exemple.<\/p>\n\n<p>Dans certains cas, des membres <em>sympathisants<\/em> peuvent demander une carte de membre (conjoints, parents de jeunes tireurs, anciens membres&#8230;), m\u00eame s&rsquo;ils n&rsquo;ont pas d&rsquo;int\u00e9r\u00eat au tir en lui-m\u00eame ou \u00e0 s&rsquo;entra\u00eener. Ce type de candidature est g\u00e9n\u00e9ralement accept\u00e9e rapidement par le comit\u00e9.<\/p>\n","protected":false},"excerpt":{"rendered":"<p>Rejoindre le club est avant tout un moyen facile de soutenir l&rsquo;association et ses b\u00e9n\u00e9voles. Vous retrouverez plus d&rsquo;informations sur nos prix sur cette page. En tant que membre actif, vous pourrez<\/p>\n<a class=\"moretag noptoppad\" href=\"https:\/\/www.flechedor.lu\/fr\/rejoindre-le-club\/\">Read More...<\/a>","protected":false},"author":2,"featured_media":0,"parent":0,"menu_order":0,"comment_status":"closed","ping_status":"closed","template":"","meta":{"slim_seo":{"title":"Rejoindre le club - Fl\u00e8che d&#039;Or Luxembourg","description":"Rejoindre le club est avant tout un moyen facile de soutenir l'association et ses b\u00e9n\u00e9voles. Vous retrouverez plus d'informations sur nos prix sur cette page ."},"footnotes":""},"class_list":["post-459","page","type-page","status-publish","hentry"],"_links":{"self":[{"href":"https:\/\/www.flechedor.lu\/fr\/wp-json\/wp\/v2\/pages\/459","targetHints":{"allow":["GET"]}}],"collection":[{"href":"https:\/\/www.flechedor.lu\/fr\/wp-json\/wp\/v2\/pages"}],"about":[{"href":"https:\/\/www.flechedor.lu\/fr\/wp-json\/wp\/v2\/types\/page"}],"author":[{"embeddable":true,"href":"https:\/\/www.flechedor.lu\/fr\/wp-json\/wp\/v2\/users\/2"}],"replies":[{"embeddable":true,"href":"https:\/\/www.flechedor.lu\/fr\/wp-json\/wp\/v2\/comments?post=459"}],"version-history":[{"count":5,"href":"https:\/\/www.flechedor.lu\/fr\/wp-json\/wp\/v2\/pages\/459\/revisions"}],"predecessor-version":[{"id":646,"href":"https:\/\/www.flechedor.lu\/fr\/wp-json\/wp\/v2\/pages\/459\/revisions\/646"}],"wp:attachment":[{"href":"https:\/\/www.flechedor.lu\/fr\/wp-json\/wp\/v2\/media?parent=459"}],"curies":[{"name":"wp","href":"https:\/\/api.w.org\/{rel}","templated":true}]}}