{"id":453,"date":"2023-09-17T10:43:38","date_gmt":"2023-09-17T08:43:38","guid":{"rendered":"https:\/\/www.flechedor.lu\/a-propos-du-club\/"},"modified":"2023-10-11T14:40:17","modified_gmt":"2023-10-11T12:40:17","slug":"a-propos-du-club","status":"publish","type":"page","link":"https:\/\/www.flechedor.lu\/fr\/a-propos-du-club\/","title":{"rendered":"\u00c0 propos du club"},"content":{"rendered":"\n<p>La <strong>Fl\u00e8che d&rsquo;Or<\/strong> a \u00e9t\u00e9 le premier club de tir \u00e0 l&rsquo;arc au Luxembourg, fond\u00e9 en 1955. Le club a longuement contribu\u00e9 \u00e0 l&rsquo;essor du tir \u00e0 l&rsquo;arc au Luxembourg et ses environs. Il fait \u00e9galement partie des membres fondateurs de la <a href=\"https:\/\/flta.lu\" data-type=\"link\" data-id=\"https:\/\/flta.lu\">F\u00e9d\u00e9ration Luxembourgeoise de Tir \u00e0 l&rsquo;Arc (FLTA)<\/a>.<\/p>\n\n<p>Les archers d\u00e9butants et confirm\u00e9s sont les bienvenus dans notre club dynamique et enthousiaste, pour profiter de nos installations permanentes, \u00e0 <a href=\"https:\/\/test-www.flechedor.lu\/about-the-club\/indoor-shooting-range-bonnevoie\/\" data-type=\"page\" data-id=\"419\"><strong>Bonnevoie<\/strong><\/a> (stand int\u00e9rieur, ouvert d&rsquo;Octobre \u00e0 Avril), et au <strong><a href=\"https:\/\/test-www.flechedor.lu\/about-the-club\/outdoor-shooting-range-bambesch\/\" data-type=\"page\" data-id=\"424\">Bambesch<\/a><\/strong> (ext\u00e9rieur, ouvert toute l&rsquo;ann\u00e9e mais utilis\u00e9 de Mai \u00e0 Septembre).<\/p>\n\n<p>Nous proposons des s\u00e9ances d&rsquo;initiations \u00e0 travers le programme du <strong>Sport pour Tous<\/strong> de la <strong>Ville de Luxembourg<\/strong>, <strong>chaque jeudi<\/strong> (hors cong\u00e9s scolaires) <strong>de 19:00 \u00e0 20:00<\/strong>. \u00c0 partir d&rsquo;octobre 2023, nous proposons aussi des stages d&rsquo;initiation trimestriels, chaque <strong>lundi<\/strong> (hors cong\u00e9s scolaires) <strong>de 18:30 \u00e0 20:00<\/strong>.<\/p>\n\n<p>Contactez-nous pour plus d&rsquo;informations, comme pour l&rsquo;organisation d&rsquo;\u00e9v\u00e9nements priv\u00e9s, \u00e0 <strong>contact@flechedor.lu<\/strong>.<\/p>\n","protected":false},"excerpt":{"rendered":"<p>La Fl\u00e8che d&rsquo;Or a \u00e9t\u00e9 le premier club de tir \u00e0 l&rsquo;arc au Luxembourg, fond\u00e9 en 1955. Le club a longuement contribu\u00e9 \u00e0 l&rsquo;essor du tir \u00e0 l&rsquo;arc au Luxembourg et ses<\/p>\n<a class=\"moretag noptoppad\" href=\"https:\/\/www.flechedor.lu\/fr\/a-propos-du-club\/\">Read More...<\/a>","protected":false},"author":2,"featured_media":0,"parent":0,"menu_order":0,"comment_status":"closed","ping_status":"closed","template":"","meta":{"slim_seo":{"title":"\u00c0 propos du club de la Fl\u00e8che d'Or","description":"La Fl\u00e8che d'Or a \u00e9t\u00e9 le premier club de tir \u00e0 l'arc \u00e9tabli au Luxembourg, fond\u00e9 en 1955."},"footnotes":""},"class_list":["post-453","page","type-page","status-publish","hentry"],"_links":{"self":[{"href":"https:\/\/www.flechedor.lu\/fr\/wp-json\/wp\/v2\/pages\/453","targetHints":{"allow":["GET"]}}],"collection":[{"href":"https:\/\/www.flechedor.lu\/fr\/wp-json\/wp\/v2\/pages"}],"about":[{"href":"https:\/\/www.flechedor.lu\/fr\/wp-json\/wp\/v2\/types\/page"}],"author":[{"embeddable":true,"href":"https:\/\/www.flechedor.lu\/fr\/wp-json\/wp\/v2\/users\/2"}],"replies":[{"embeddable":true,"href":"https:\/\/www.flechedor.lu\/fr\/wp-json\/wp\/v2\/comments?post=453"}],"version-history":[{"count":3,"href":"https:\/\/www.flechedor.lu\/fr\/wp-json\/wp\/v2\/pages\/453\/revisions"}],"predecessor-version":[{"id":911,"href":"https:\/\/www.flechedor.lu\/fr\/wp-json\/wp\/v2\/pages\/453\/revisions\/911"}],"wp:attachment":[{"href":"https:\/\/www.flechedor.lu\/fr\/wp-json\/wp\/v2\/media?parent=453"}],"curies":[{"name":"wp","href":"https:\/\/api.w.org\/{rel}","templated":true}]}}