{"id":417,"date":"2023-09-17T21:58:25","date_gmt":"2023-09-17T19:58:25","guid":{"rendered":"https:\/\/www.flechedor.lu\/les-presidents\/"},"modified":"2023-09-22T18:08:03","modified_gmt":"2023-09-22T16:08:03","slug":"les-presidents","status":"publish","type":"page","link":"https:\/\/www.flechedor.lu\/fr\/a-propos-du-club\/les-presidents\/","title":{"rendered":"Les pr\u00e9sidents"},"content":{"rendered":"\n<p>Cette page recence les pr\u00e9sidents actuels et pass\u00e9s qui ont dirig\u00e9 le club depuis sa cr\u00e9ation en 1955.<\/p>\n\n<div class=\"wp-block-group is-content-justification-space-between is-nowrap is-layout-flex wp-container-core-group-is-layout-0dfbf163 wp-block-group-is-layout-flex\">\n<div class=\"wp-block-group\"><div class=\"wp-block-group__inner-container is-layout-constrained wp-block-group-is-layout-constrained\">\n<p class=\"has-text-align-center\">Julien Lef\u00e8vre<\/p>\n\n\n\n<p class=\"has-text-align-center has-small-font-size\"><em>1955 &#8211; 1964<\/em><\/p>\n<\/div><\/div>\n\n\n\n<div class=\"wp-block-group\"><div class=\"wp-block-group__inner-container is-layout-constrained wp-block-group-is-layout-constrained\">\n<p class=\"has-text-align-center\">Heinz Weber<\/p>\n\n\n\n<p class=\"has-text-align-center has-small-font-size\"><em>1965 &#8211; 1970<\/em><\/p>\n<\/div><\/div>\n\n\n\n<div class=\"wp-block-group\"><div class=\"wp-block-group__inner-container is-layout-constrained wp-block-group-is-layout-constrained\">\n<p class=\"has-text-align-center\">Aloyse Rommes<\/p>\n\n\n\n<p class=\"has-text-align-center has-small-font-size\"><em>1971 &#8211; 1980<\/em><\/p>\n<\/div><\/div>\n<\/div>\n\n<div class=\"wp-block-group is-content-justification-space-between is-nowrap is-layout-flex wp-container-core-group-is-layout-0dfbf163 wp-block-group-is-layout-flex\">\n<div class=\"wp-block-group\"><div class=\"wp-block-group__inner-container is-layout-constrained wp-block-group-is-layout-constrained\">\n<p class=\"has-text-align-center\">Jos Pauly<\/p>\n\n\n\n<p class=\"has-text-align-center has-small-font-size\"><em>1981 &#8211; 1984<\/em><\/p>\n<\/div><\/div>\n\n\n\n<div class=\"wp-block-group\"><div class=\"wp-block-group__inner-container is-layout-constrained wp-block-group-is-layout-constrained\">\n<p class=\"has-text-align-center\">Fran\u00e7ois Wies<\/p>\n\n\n\n<p class=\"has-text-align-center has-small-font-size\"><em>1985 &#8211; 1989<\/em><\/p>\n\n\n\n<p class=\"has-text-align-center has-small-font-size\"><em>1992 &#8211; 2004<\/em><\/p>\n<\/div><\/div>\n\n\n\n<div class=\"wp-block-group\"><div class=\"wp-block-group__inner-container is-layout-constrained wp-block-group-is-layout-constrained\">\n<p class=\"has-text-align-center\">Roger Ries<\/p>\n\n\n\n<p class=\"has-text-align-center has-small-font-size\"><em>1990 -1991<\/em><\/p>\n<\/div><\/div>\n<\/div>\n\n<div class=\"wp-block-group is-content-justification-space-between is-nowrap is-layout-flex wp-container-core-group-is-layout-0dfbf163 wp-block-group-is-layout-flex\">\n<div class=\"wp-block-group\"><div class=\"wp-block-group__inner-container is-layout-constrained wp-block-group-is-layout-constrained\">\n<p class=\"has-text-align-center\">Romain Buschmann<\/p>\n\n\n\n<p class=\"has-text-align-center has-small-font-size\"><em>2005<\/em><\/p>\n<\/div><\/div>\n\n\n\n<div class=\"wp-block-group\"><div class=\"wp-block-group__inner-container is-layout-constrained wp-block-group-is-layout-constrained\">\n<p class=\"has-text-align-center\">Jo\u00eblle Kahlen<\/p>\n\n\n\n<p class=\"has-text-align-center has-small-font-size\"><em>2005 &#8211; 2017<\/em><\/p>\n<\/div><\/div>\n\n\n\n<div class=\"wp-block-group\"><div class=\"wp-block-group__inner-container is-layout-constrained wp-block-group-is-layout-constrained\">\n<p class=\"has-text-align-center\">Arnaud Hocevar<\/p>\n\n\n\n<p class=\"has-text-align-center has-small-font-size\"><em>2018 &#8211; 2023<\/em><\/p>\n<\/div><\/div>\n<\/div>\n","protected":false},"excerpt":{"rendered":"<p>Cette page recence les pr\u00e9sidents actuels et pass\u00e9s qui ont dirig\u00e9 le club depuis sa cr\u00e9ation en 1955. Julien Lef\u00e8vre 1955 &#8211; 1964 Heinz Weber 1965 &#8211; 1970 Aloyse Rommes 1971 &#8211;<\/p>\n<a class=\"moretag noptoppad\" href=\"https:\/\/www.flechedor.lu\/fr\/a-propos-du-club\/les-presidents\/\">Read More...<\/a>","protected":false},"author":2,"featured_media":0,"parent":453,"menu_order":0,"comment_status":"closed","ping_status":"closed","template":"","meta":{"slim_seo":{"title":"Les pr\u00e9sidents - Fl\u00e8che d&#039;Or Luxembourg","description":"Cette page recence les pr\u00e9sidents actuels et pass\u00e9s qui ont dirig\u00e9 le club depuis sa cr\u00e9ation en 1955. Julien Lef\u00e8vre 1955 - 1964 Heinz Weber 1965 - 1970 Aloyse"},"footnotes":""},"class_list":["post-417","page","type-page","status-publish","hentry"],"_links":{"self":[{"href":"https:\/\/www.flechedor.lu\/fr\/wp-json\/wp\/v2\/pages\/417","targetHints":{"allow":["GET"]}}],"collection":[{"href":"https:\/\/www.flechedor.lu\/fr\/wp-json\/wp\/v2\/pages"}],"about":[{"href":"https:\/\/www.flechedor.lu\/fr\/wp-json\/wp\/v2\/types\/page"}],"author":[{"embeddable":true,"href":"https:\/\/www.flechedor.lu\/fr\/wp-json\/wp\/v2\/users\/2"}],"replies":[{"embeddable":true,"href":"https:\/\/www.flechedor.lu\/fr\/wp-json\/wp\/v2\/comments?post=417"}],"version-history":[{"count":7,"href":"https:\/\/www.flechedor.lu\/fr\/wp-json\/wp\/v2\/pages\/417\/revisions"}],"predecessor-version":[{"id":470,"href":"https:\/\/www.flechedor.lu\/fr\/wp-json\/wp\/v2\/pages\/417\/revisions\/470"}],"up":[{"embeddable":true,"href":"https:\/\/www.flechedor.lu\/fr\/wp-json\/wp\/v2\/pages\/453"}],"wp:attachment":[{"href":"https:\/\/www.flechedor.lu\/fr\/wp-json\/wp\/v2\/media?parent=417"}],"curies":[{"name":"wp","href":"https:\/\/api.w.org\/{rel}","templated":true}]}}