{"id":399,"date":"2023-09-17T21:44:15","date_gmt":"2023-09-17T19:44:15","guid":{"rendered":"https:\/\/www.flechedor.lu\/le-comite\/"},"modified":"2025-02-27T09:15:42","modified_gmt":"2025-02-27T08:15:42","slug":"le-comite","status":"publish","type":"page","link":"https:\/\/www.flechedor.lu\/fr\/a-propos-du-club\/le-comite\/","title":{"rendered":"Le comit\u00e9"},"content":{"rendered":"\n<p>Le comit\u00e9 actuel a \u00e9t\u00e9 \u00e9lu apr\u00e8s l&rsquo;Assembl\u00e9e G\u00e9n\u00e9rale du <strong>5 avril 2024<\/strong>.<\/p>\n\n<p><strong>Pr\u00e9sident<\/strong><\/p>\n\n<ul class=\"wp-block-list\">\n<li>Arnaud Hocevar<\/li>\n<\/ul>\n\n<p><strong>Secr\u00e9taire<\/strong><\/p>\n\n<ul class=\"wp-block-list\">\n<li>Fabienne Klein<\/li>\n<\/ul>\n\n<p><strong>Tr\u00e9sorier<\/strong><\/p>\n\n<ul class=\"wp-block-list\">\n<li>Liette Peiffer<\/li>\n<\/ul>\n\n<p><strong>Membres<\/strong><\/p>\n\n<ul class=\"wp-block-list\">\n<li>Stefania Merlin<\/li>\n\n\n\n<li>Gonzalo Oses Garcia<\/li>\n<\/ul>\n","protected":false},"excerpt":{"rendered":"<p>Le comit\u00e9 actuel a \u00e9t\u00e9 \u00e9lu apr\u00e8s l&rsquo;Assembl\u00e9e G\u00e9n\u00e9rale du 5 avril 2024. Pr\u00e9sident Secr\u00e9taire Tr\u00e9sorier Membres<\/p>\n<a class=\"moretag noptoppad\" href=\"https:\/\/www.flechedor.lu\/fr\/a-propos-du-club\/le-comite\/\">Read More...<\/a>","protected":false},"author":2,"featured_media":0,"parent":453,"menu_order":0,"comment_status":"closed","ping_status":"closed","template":"","meta":{"slim_seo":{"title":"Le comit\u00e9 - Fl\u00e8che d&#039;Or Luxembourg","description":"Le comit\u00e9 actuel a \u00e9t\u00e9 \u00e9lu apr\u00e8s l'Assembl\u00e9e G\u00e9n\u00e9rale du 5 avril 2024 . Pr\u00e9sident Secr\u00e9taire Tr\u00e9sorier Membres"},"footnotes":""},"class_list":["post-399","page","type-page","status-publish","hentry"],"_links":{"self":[{"href":"https:\/\/www.flechedor.lu\/fr\/wp-json\/wp\/v2\/pages\/399","targetHints":{"allow":["GET"]}}],"collection":[{"href":"https:\/\/www.flechedor.lu\/fr\/wp-json\/wp\/v2\/pages"}],"about":[{"href":"https:\/\/www.flechedor.lu\/fr\/wp-json\/wp\/v2\/types\/page"}],"author":[{"embeddable":true,"href":"https:\/\/www.flechedor.lu\/fr\/wp-json\/wp\/v2\/users\/2"}],"replies":[{"embeddable":true,"href":"https:\/\/www.flechedor.lu\/fr\/wp-json\/wp\/v2\/comments?post=399"}],"version-history":[{"count":15,"href":"https:\/\/www.flechedor.lu\/fr\/wp-json\/wp\/v2\/pages\/399\/revisions"}],"predecessor-version":[{"id":1002,"href":"https:\/\/www.flechedor.lu\/fr\/wp-json\/wp\/v2\/pages\/399\/revisions\/1002"}],"up":[{"embeddable":true,"href":"https:\/\/www.flechedor.lu\/fr\/wp-json\/wp\/v2\/pages\/453"}],"wp:attachment":[{"href":"https:\/\/www.flechedor.lu\/fr\/wp-json\/wp\/v2\/media?parent=399"}],"curies":[{"name":"wp","href":"https:\/\/api.w.org\/{rel}","templated":true}]}}